{"id":20,"date":"2022-01-28T18:25:32","date_gmt":"2022-01-28T17:25:32","guid":{"rendered":"https:\/\/lafermeducoupdepot.fr\/?page_id=20"},"modified":"2023-11-03T15:08:39","modified_gmt":"2023-11-03T14:08:39","slug":"chambres-dhotes-a-morbecque","status":"publish","type":"page","link":"https:\/\/lafermeducoupdepot.fr\/index.php\/chambres-dhotes-a-morbecque\/","title":{"rendered":"NOS CHAMBRES"},"content":{"rendered":"<p>[et_pb_section fb_built=\u00a0\u00bb1&Prime; custom_padding_last_edited=\u00a0\u00bbon|phone\u00a0\u00bb admin_label=\u00a0\u00bbsection\u00a0\u00bb _builder_version=\u00a0\u00bb4.22.0&Prime; background_color=\u00a0\u00bb#d6d2c4&Prime; custom_margin=\u00a0\u00bb-50px||-50px||false|false\u00a0\u00bb custom_margin_tablet=\u00a0\u00bb-50px||-50px||false|false\u00a0\u00bb custom_margin_phone=\u00a0\u00bb-141px||-61px||false|false\u00a0\u00bb custom_margin_last_edited=\u00a0\u00bbon|phone\u00a0\u00bb custom_padding_tablet=\u00a0\u00bb50px|0|50px|0&Prime; custom_padding_phone=\u00a0\u00bb45px|0|0px|0|false|false\u00a0\u00bb transparent_background=\u00a0\u00bboff\u00a0\u00bb make_fullwidth=\u00a0\u00bboff\u00a0\u00bb use_custom_width=\u00a0\u00bboff\u00a0\u00bb width_unit=\u00a0\u00bbon\u00a0\u00bb custom_width_px=\u00a0\u00bb1080px\u00a0\u00bb custom_width_percent=\u00a0\u00bb80%\u00a0\u00bb global_colors_info=\u00a0\u00bb{}\u00a0\u00bb][et_pb_row column_structure=\u00a0\u00bb1_2,1_2&Prime; use_custom_gutter=\u00a0\u00bbon\u00a0\u00bb padding_mobile=\u00a0\u00bboff\u00a0\u00bb column_padding_mobile=\u00a0\u00bbon\u00a0\u00bb admin_label=\u00a0\u00bbLigne\u00a0\u00bb _builder_version=\u00a0\u00bb4.16&Prime; background_size=\u00a0\u00bbinitial\u00a0\u00bb background_position=\u00a0\u00bbtop_left\u00a0\u00bb background_repeat=\u00a0\u00bbrepeat\u00a0\u00bb width=\u00a0\u00bb81%\u00a0\u00bb max_width=\u00a0\u00bb81%\u00a0\u00bb custom_padding=\u00a0\u00bb21.5167px|0px|21.5167px|0px\u00a0\u00bb make_fullwidth=\u00a0\u00bboff\u00a0\u00bb use_custom_width=\u00a0\u00bbon\u00a0\u00bb width_unit=\u00a0\u00bboff\u00a0\u00bb custom_width_px=\u00a0\u00bb1080px\u00a0\u00bb custom_width_percent=\u00a0\u00bb81%\u00a0\u00bb global_colors_info=\u00a0\u00bb{}\u00a0\u00bb][et_pb_column type=\u00a0\u00bb1_2&Prime; _builder_version=\u00a0\u00bb4.16&Prime; custom_padding=\u00a0\u00bb|||\u00a0\u00bb global_colors_info=\u00a0\u00bb{}\u00a0\u00bb custom_padding__hover=\u00a0\u00bb|||\u00a0\u00bb][et_pb_text admin_label=\u00a0\u00bbTexte\u00a0\u00bb _builder_version=\u00a0\u00bb4.22.0&Prime; text_text_color=\u00a0\u00bb#007215&Prime; header_font=\u00a0\u00bbAmatic SC|on|||\u00a0\u00bb header_text_color=\u00a0\u00bb#007215&Prime; header_font_size=\u00a0\u00bb51px\u00a0\u00bb header_2_font=\u00a0\u00bb||on||||||\u00a0\u00bb header_2_text_align=\u00a0\u00bbcenter\u00a0\u00bb header_2_text_color=\u00a0\u00bb#007215&Prime; background_size=\u00a0\u00bbinitial\u00a0\u00bb background_position=\u00a0\u00bbtop_left\u00a0\u00bb background_repeat=\u00a0\u00bbrepeat\u00a0\u00bb transform_translate=\u00a0\u00bb2px|84px\u00a0\u00bb text_orientation=\u00a0\u00bbcenter\u00a0\u00bb module_alignment=\u00a0\u00bbcenter\u00a0\u00bb custom_margin=\u00a0\u00bb|||5px\u00a0\u00bb text_font_size_tablet=\u00a0\u00bb\u00a0\u00bb text_font_size_phone=\u00a0\u00bb15px\u00a0\u00bb text_font_size_last_edited=\u00a0\u00bbon|phone\u00a0\u00bb header_font_size_tablet=\u00a0\u00bb49px\u00a0\u00bb header_font_size_phone=\u00a0\u00bb37px\u00a0\u00bb header_font_size_last_edited=\u00a0\u00bbon|desktop\u00a0\u00bb use_border_color=\u00a0\u00bboff\u00a0\u00bb border_style=\u00a0\u00bbsolid\u00a0\u00bb global_colors_info=\u00a0\u00bb{}\u00a0\u00bb]<\/p>\n<h2 class=\"ma police\"><strong>La Chambre du Fer \u00e0 Cheval<br \/><\/strong><\/h2>\n<p>&nbsp;<\/p>\n<p>[\/et_pb_text][et_pb_text content_tablet=\u00a0\u00bb<\/p>\n<p style=%22text-align: center;%22>La chambre est compos\u00e9e d&rsquo;un lit de 160, le linge de lit et de toilette est fourni. Elle dispose d\u2019une armoire avec un cot\u00e9 penderie et un cot\u00e9 rangement, d\u2019une douche, lavabo, WC priv\u00e9s.<\/p>\n<p style=%22text-align: center;%22>L&rsquo;entr\u00e9e de la chambre est ind\u00e9pendante de la maison des propri\u00e9taires pour votre confort et votre intimit\u00e9.<\/p>\n<p>\u00a0\u00bb content_phone=\u00a0\u00bb<\/p>\n<p style=%22text-align: center;%22>La chambre est compos\u00e9e d&rsquo;un lit de 160, le linge de lit et de toilette est fourni. Elle dispose d\u2019une armoire avec un cot\u00e9 penderie et un cot\u00e9 rangement, d\u2019une douche, lavabo, WC priv\u00e9s.<\/p>\n<p style=%22text-align: center;%22>L&rsquo;entr\u00e9e de la chambre est ind\u00e9pendante de la maison des propri\u00e9taires pour votre confort et votre intimit\u00e9.<\/p>\n<p>\u00a0\u00bb content_last_edited=\u00a0\u00bbon|phone\u00a0\u00bb admin_label=\u00a0\u00bbTexte\u00a0\u00bb _builder_version=\u00a0\u00bb4.22.2&Prime; header_font=\u00a0\u00bbAmatic SC|on|||\u00a0\u00bb header_text_color=\u00a0\u00bb#007215&Prime; header_font_size=\u00a0\u00bb51px\u00a0\u00bb background_size=\u00a0\u00bbinitial\u00a0\u00bb background_position=\u00a0\u00bbtop_left\u00a0\u00bb background_repeat=\u00a0\u00bbrepeat\u00a0\u00bb transform_translate=\u00a0\u00bb6px|24px\u00a0\u00bb text_orientation=\u00a0\u00bbcenter\u00a0\u00bb module_alignment=\u00a0\u00bbcenter\u00a0\u00bb min_height=\u00a0\u00bb75.3px\u00a0\u00bb custom_margin=\u00a0\u00bb|||5px\u00a0\u00bb text_font_size_tablet=\u00a0\u00bb\u00a0\u00bb text_font_size_phone=\u00a0\u00bb15px\u00a0\u00bb text_font_size_last_edited=\u00a0\u00bbon|phone\u00a0\u00bb header_font_size_tablet=\u00a0\u00bb49px\u00a0\u00bb header_font_size_phone=\u00a0\u00bb37px\u00a0\u00bb header_font_size_last_edited=\u00a0\u00bbon|desktop\u00a0\u00bb use_border_color=\u00a0\u00bboff\u00a0\u00bb border_style=\u00a0\u00bbsolid\u00a0\u00bb global_colors_info=\u00a0\u00bb{}\u00a0\u00bb]<\/p>\n<p style=\"text-align: center;\">La chambre est compos\u00e9e d&rsquo;<strong>un lit de 160<\/strong>, le linge de lit et de toilette est fourni. Elle dispose d\u2019une armoire avec un cot\u00e9 penderie et un cot\u00e9 rangement, d\u2019<strong>une douche, lavabo, WC priv\u00e9s<\/strong>.<\/p>\n<p style=\"text-align: center;\">\n<p style=\"text-align: center;\">L&rsquo;<strong>entr\u00e9e<\/strong> de la chambre est <strong>ind\u00e9pendante<\/strong> de la maison des propri\u00e9taires pour votre confort et votre intimit\u00e9.<\/p>\n<p>[\/et_pb_text][\/et_pb_column][et_pb_column type=\u00a0\u00bb1_2&Prime; _builder_version=\u00a0\u00bb4.16&Prime; custom_padding=\u00a0\u00bb|||\u00a0\u00bb global_colors_info=\u00a0\u00bb{}\u00a0\u00bb custom_padding__hover=\u00a0\u00bb|||\u00a0\u00bb][et_pb_gallery gallery_ids=\u00a0\u00bb190,208,205,22,237,28,203,185,182,209,207,26,196,244&Prime; fullwidth=\u00a0\u00bbon\u00a0\u00bb admin_label=\u00a0\u00bbGalerie\u00a0\u00bb _builder_version=\u00a0\u00bb4.22.1&Prime; caption_all_caps=\u00a0\u00bboff\u00a0\u00bb auto=\u00a0\u00bbon\u00a0\u00bb use_border_color=\u00a0\u00bboff\u00a0\u00bb border_color=\u00a0\u00bb#ffffff\u00a0\u00bb border_style=\u00a0\u00bbsolid\u00a0\u00bb global_colors_info=\u00a0\u00bb{}\u00a0\u00bb]<\/p>\n<p>\u00a0<\/p>\n<p>[\/et_pb_gallery][\/et_pb_column][\/et_pb_row][et_pb_row column_structure=\u00a0\u00bb1_2,1_2&Prime; use_custom_gutter=\u00a0\u00bbon\u00a0\u00bb padding_mobile=\u00a0\u00bboff\u00a0\u00bb column_padding_mobile=\u00a0\u00bbon\u00a0\u00bb admin_label=\u00a0\u00bbLigne\u00a0\u00bb _builder_version=\u00a0\u00bb4.22.2&Prime; background_size=\u00a0\u00bbinitial\u00a0\u00bb background_position=\u00a0\u00bbtop_left\u00a0\u00bb background_repeat=\u00a0\u00bbrepeat\u00a0\u00bb width=\u00a0\u00bb81%\u00a0\u00bb max_width=\u00a0\u00bb81%\u00a0\u00bb custom_margin=\u00a0\u00bb-25px||0px||false|false\u00a0\u00bb make_fullwidth=\u00a0\u00bboff\u00a0\u00bb use_custom_width=\u00a0\u00bbon\u00a0\u00bb width_unit=\u00a0\u00bboff\u00a0\u00bb custom_width_px=\u00a0\u00bb1080px\u00a0\u00bb custom_width_percent=\u00a0\u00bb81%\u00a0\u00bb global_colors_info=\u00a0\u00bb{}\u00a0\u00bb][et_pb_column type=\u00a0\u00bb1_2&Prime; _builder_version=\u00a0\u00bb4.16&Prime; custom_padding=\u00a0\u00bb|||\u00a0\u00bb global_colors_info=\u00a0\u00bb{}\u00a0\u00bb custom_padding__hover=\u00a0\u00bb|||\u00a0\u00bb][et_pb_text admin_label=\u00a0\u00bbTexte\u00a0\u00bb _builder_version=\u00a0\u00bb4.22.0&Prime; header_font=\u00a0\u00bbAmatic SC|on|||\u00a0\u00bb header_text_color=\u00a0\u00bb#007215&Prime; header_font_size=\u00a0\u00bb51px\u00a0\u00bb header_2_font=\u00a0\u00bb||on||||||\u00a0\u00bb header_2_text_align=\u00a0\u00bbcenter\u00a0\u00bb header_2_text_color=\u00a0\u00bb#007215&Prime; background_size=\u00a0\u00bbinitial\u00a0\u00bb background_position=\u00a0\u00bbtop_left\u00a0\u00bb background_repeat=\u00a0\u00bbrepeat\u00a0\u00bb transform_translate=\u00a0\u00bb-3px|123px\u00a0\u00bb text_orientation=\u00a0\u00bbcenter\u00a0\u00bb module_alignment=\u00a0\u00bbcenter\u00a0\u00bb text_font_size_tablet=\u00a0\u00bb\u00a0\u00bb text_font_size_phone=\u00a0\u00bb15px\u00a0\u00bb text_font_size_last_edited=\u00a0\u00bbon|phone\u00a0\u00bb header_font_size_tablet=\u00a0\u00bb\u00a0\u00bb header_font_size_phone=\u00a0\u00bb37px\u00a0\u00bb header_font_size_last_edited=\u00a0\u00bbon|phone\u00a0\u00bb use_border_color=\u00a0\u00bboff\u00a0\u00bb border_style=\u00a0\u00bbsolid\u00a0\u00bb global_colors_info=\u00a0\u00bb{}\u00a0\u00bb]<\/p>\n<h2 class=\"ma police\"><strong>La Chambre du Pot \u00e0 Lait <\/strong><\/h2>\n<p>&nbsp;<\/p>\n<p>[\/et_pb_text][et_pb_text admin_label=\u00a0\u00bbTexte\u00a0\u00bb _builder_version=\u00a0\u00bb4.22.2&Prime; header_font=\u00a0\u00bbAmatic SC|on|||\u00a0\u00bb header_text_color=\u00a0\u00bb#007215&Prime; header_font_size=\u00a0\u00bb51px\u00a0\u00bb background_size=\u00a0\u00bbinitial\u00a0\u00bb background_position=\u00a0\u00bbtop_left\u00a0\u00bb background_repeat=\u00a0\u00bbrepeat\u00a0\u00bb transform_scale_tablet=\u00a0\u00bb\u00a0\u00bb transform_scale_phone=\u00a0\u00bb\u00a0\u00bb transform_scale_last_edited=\u00a0\u00bbon|desktop\u00a0\u00bb transform_translate=\u00a0\u00bb3px|60px\u00a0\u00bb transform_translate_tablet=\u00a0\u00bb3px|60px\u00a0\u00bb transform_translate_phone=\u00a0\u00bb3px|60px\u00a0\u00bb transform_translate_last_edited=\u00a0\u00bbon|phone\u00a0\u00bb transform_rotate_tablet=\u00a0\u00bb\u00a0\u00bb transform_rotate_phone=\u00a0\u00bb\u00a0\u00bb transform_rotate_last_edited=\u00a0\u00bbon|desktop\u00a0\u00bb transform_skew_tablet=\u00a0\u00bb\u00a0\u00bb transform_skew_phone=\u00a0\u00bb\u00a0\u00bb transform_skew_last_edited=\u00a0\u00bbon|desktop\u00a0\u00bb transform_origin_tablet=\u00a0\u00bb\u00a0\u00bb transform_origin_phone=\u00a0\u00bb\u00a0\u00bb transform_origin_last_edited=\u00a0\u00bbon|desktop\u00a0\u00bb transform_styles_last_edited=\u00a0\u00bbon|phone\u00a0\u00bb text_orientation=\u00a0\u00bbcenter\u00a0\u00bb module_alignment=\u00a0\u00bbcenter\u00a0\u00bb text_font_size_tablet=\u00a0\u00bb\u00a0\u00bb text_font_size_phone=\u00a0\u00bb15px\u00a0\u00bb text_font_size_last_edited=\u00a0\u00bbon|phone\u00a0\u00bb header_font_size_tablet=\u00a0\u00bb\u00a0\u00bb header_font_size_phone=\u00a0\u00bb37px\u00a0\u00bb header_font_size_last_edited=\u00a0\u00bbon|phone\u00a0\u00bb transform_styles_tablet=\u00a0\u00bb\u00a0\u00bb transform_styles_phone=\u00a0\u00bb\u00a0\u00bb use_border_color=\u00a0\u00bboff\u00a0\u00bb border_style=\u00a0\u00bbsolid\u00a0\u00bb global_colors_info=\u00a0\u00bb{}\u00a0\u00bb]<\/p>\n<p>La deuxi\u00e8me chambre dispose d&rsquo;un <strong>lit de 180&#215;200<\/strong> ou <strong>2 lits de 90&#215;200<\/strong>, le linge de lit et de toilette est fourni.<\/p>\n<p>La chambre dispose d\u2019une armoire avec un cot\u00e9 penderie et un cot\u00e9 rangement, d\u2019<strong>une douche, lavabo, WC priv\u00e9s<\/strong>.<\/p>\n<p>&nbsp;<\/p>\n<p>[\/et_pb_text][\/et_pb_column][et_pb_column type=\u00a0\u00bb1_2&Prime; _builder_version=\u00a0\u00bb4.22.0&Prime; _module_preset=\u00a0\u00bbdefault\u00a0\u00bb global_colors_info=\u00a0\u00bb{}\u00a0\u00bb][et_pb_gallery gallery_ids=\u00a0\u00bb447,446,485,444,448,450,445,487,449,451,488&Prime; fullwidth=\u00a0\u00bbon\u00a0\u00bb admin_label=\u00a0\u00bbGalerie\u00a0\u00bb _builder_version=\u00a0\u00bb4.16&Prime; caption_all_caps=\u00a0\u00bboff\u00a0\u00bb auto=\u00a0\u00bbon\u00a0\u00bb use_border_color=\u00a0\u00bboff\u00a0\u00bb border_color=\u00a0\u00bb#ffffff\u00a0\u00bb border_style=\u00a0\u00bbsolid\u00a0\u00bb global_colors_info=\u00a0\u00bb{}\u00a0\u00bb]<\/p>\n<p>\u00a0<\/p>\n<p>[\/et_pb_gallery][et_pb_gallery gallery_ids=\u00a0\u00bb191,203,189,196,240,186,183,184,199,206,222,239&Prime; fullwidth=\u00a0\u00bbon\u00a0\u00bb admin_label=\u00a0\u00bbGalerie\u00a0\u00bb _builder_version=\u00a0\u00bb4.23&Prime; caption_all_caps=\u00a0\u00bboff\u00a0\u00bb auto=\u00a0\u00bbon\u00a0\u00bb hover_enabled=\u00a0\u00bb0&Prime; use_border_color=\u00a0\u00bboff\u00a0\u00bb border_color=\u00a0\u00bb#ffffff\u00a0\u00bb border_style=\u00a0\u00bbsolid\u00a0\u00bb global_colors_info=\u00a0\u00bb{}\u00a0\u00bb custom_margin=\u00a0\u00bb||10px||false|false\u00a0\u00bb custom_padding=\u00a0\u00bb25px||||false|false\u00a0\u00bb sticky_enabled=\u00a0\u00bb0&Prime;]<\/p>\n<p>\u00a0<\/p>\n<p>[\/et_pb_gallery][\/et_pb_column][\/et_pb_row][et_pb_row padding_mobile=\u00a0\u00bboff\u00a0\u00bb column_padding_mobile=\u00a0\u00bbon\u00a0\u00bb admin_label=\u00a0\u00bbrow\u00a0\u00bb _builder_version=\u00a0\u00bb4.16&Prime; background_size=\u00a0\u00bbinitial\u00a0\u00bb background_position=\u00a0\u00bbtop_left\u00a0\u00bb background_repeat=\u00a0\u00bbrepeat\u00a0\u00bb make_fullwidth=\u00a0\u00bboff\u00a0\u00bb use_custom_width=\u00a0\u00bboff\u00a0\u00bb width_unit=\u00a0\u00bboff\u00a0\u00bb custom_width_px=\u00a0\u00bb1080px\u00a0\u00bb custom_width_percent=\u00a0\u00bb80%\u00a0\u00bb global_colors_info=\u00a0\u00bb{}\u00a0\u00bb][et_pb_column type=\u00a0\u00bb4_4&Prime; _builder_version=\u00a0\u00bb4.16&Prime; custom_padding=\u00a0\u00bb|||\u00a0\u00bb global_colors_info=\u00a0\u00bb{}\u00a0\u00bb custom_padding__hover=\u00a0\u00bb|||\u00a0\u00bb][et_pb_text admin_label=\u00a0\u00bbTexte\u00a0\u00bb _builder_version=\u00a0\u00bb4.22.2&Prime; background_size=\u00a0\u00bbinitial\u00a0\u00bb background_position=\u00a0\u00bbtop_left\u00a0\u00bb background_repeat=\u00a0\u00bbrepeat\u00a0\u00bb text_orientation=\u00a0\u00bbcenter\u00a0\u00bb module_alignment=\u00a0\u00bbcenter\u00a0\u00bb text_font_size_tablet=\u00a0\u00bb\u00a0\u00bb text_font_size_phone=\u00a0\u00bb15px\u00a0\u00bb text_font_size_last_edited=\u00a0\u00bbon|desktop\u00a0\u00bb use_border_color=\u00a0\u00bboff\u00a0\u00bb border_style=\u00a0\u00bbsolid\u00a0\u00bb global_colors_info=\u00a0\u00bb{}\u00a0\u00bb]<\/p>\n<p>Le <strong>petit-d\u00e9jeuner<\/strong> sera servi dans la maison des propri\u00e9taires, en chambre ou en terrasse.<\/p>\n<p>Vous aurez un acc\u00e8s<strong> WIFI gratuit<\/strong> et un <strong>parking priv\u00e9<\/strong> dans la cour int\u00e9rieure du corps de ferme.<strong> Jardin<\/strong> de 500 m\u00b2.<\/p>\n<p>&nbsp;<\/p>\n<p>&nbsp;<\/p>\n<p>[\/et_pb_text][\/et_pb_column][\/et_pb_row][\/et_pb_section]<\/p>\n","protected":false},"excerpt":{"rendered":"<p>La Chambre du Fer \u00e0 Cheval &nbsp;La chambre est compos\u00e9e d&rsquo;un lit de 160, le linge de lit et de toilette est fourni. Elle dispose d\u2019une armoire avec un cot\u00e9 penderie et un cot\u00e9 rangement, d\u2019une douche, lavabo, WC priv\u00e9s. L&rsquo;entr\u00e9e de la chambre est ind\u00e9pendante de la maison des propri\u00e9taires pour votre confort et [&hellip;]<\/p>\n","protected":false},"author":1,"featured_media":0,"parent":0,"menu_order":0,"comment_status":"closed","ping_status":"closed","template":"","meta":{"_et_pb_use_builder":"on","_et_pb_old_content":"","_et_gb_content_width":"","footnotes":""},"class_list":["post-20","page","type-page","status-publish","hentry"],"yoast_head":"<!-- This site is optimized with the Yoast SEO plugin v27.5 - https:\/\/yoast.com\/product\/yoast-seo-wordpress\/ -->\n<title>Chambres d&#039;h\u00f4tes \u00e0 Morbecque - La Ferme du Coup de Pot<\/title>\n<meta name=\"description\" content=\"R\u00e9servez votre nuit en chambre sur Morbecque, proche du ch\u00e2teau de Morbecque et d&#039;Hazebrouck. Nuit pour 2 personnes\" \/>\n<meta name=\"robots\" content=\"index, follow, max-snippet:-1, max-image-preview:large, max-video-preview:-1\" \/>\n<link rel=\"canonical\" href=\"https:\/\/lafermeducoupdepot.fr\/index.php\/chambres-dhotes-a-morbecque\/\" \/>\n<meta property=\"og:locale\" content=\"fr_FR\" \/>\n<meta property=\"og:type\" content=\"article\" \/>\n<meta property=\"og:title\" content=\"Chambres d&#039;h\u00f4tes \u00e0 Morbecque - La Ferme du Coup de Pot\" \/>\n<meta property=\"og:description\" content=\"R\u00e9servez votre nuit en chambre sur Morbecque, proche du ch\u00e2teau de Morbecque et d&#039;Hazebrouck. Nuit pour 2 personnes\" \/>\n<meta property=\"og:url\" content=\"https:\/\/lafermeducoupdepot.fr\/index.php\/chambres-dhotes-a-morbecque\/\" \/>\n<meta property=\"og:site_name\" content=\"La Ferme du Coup de Pot\" \/>\n<meta property=\"article:modified_time\" content=\"2023-11-03T14:08:39+00:00\" \/>\n<meta name=\"twitter:card\" content=\"summary_large_image\" \/>\n<meta name=\"twitter:label1\" content=\"Dur\u00e9e de lecture estim\u00e9e\" \/>\n\t<meta name=\"twitter:data1\" content=\"2 minutes\" \/>\n<script type=\"application\/ld+json\" class=\"yoast-schema-graph\">{\"@context\":\"https:\\\/\\\/schema.org\",\"@graph\":[{\"@type\":\"WebPage\",\"@id\":\"https:\\\/\\\/lafermeducoupdepot.fr\\\/index.php\\\/chambres-dhotes-a-morbecque\\\/\",\"url\":\"https:\\\/\\\/lafermeducoupdepot.fr\\\/index.php\\\/chambres-dhotes-a-morbecque\\\/\",\"name\":\"Chambres d'h\u00f4tes \u00e0 Morbecque - La Ferme du Coup de Pot\",\"isPartOf\":{\"@id\":\"https:\\\/\\\/lafermeducoupdepot.fr\\\/#website\"},\"datePublished\":\"2022-01-28T17:25:32+00:00\",\"dateModified\":\"2023-11-03T14:08:39+00:00\",\"description\":\"R\u00e9servez votre nuit en chambre sur Morbecque, proche du ch\u00e2teau de Morbecque et d'Hazebrouck. Nuit pour 2 personnes\",\"breadcrumb\":{\"@id\":\"https:\\\/\\\/lafermeducoupdepot.fr\\\/index.php\\\/chambres-dhotes-a-morbecque\\\/#breadcrumb\"},\"inLanguage\":\"fr-FR\",\"potentialAction\":[{\"@type\":\"ReadAction\",\"target\":[\"https:\\\/\\\/lafermeducoupdepot.fr\\\/index.php\\\/chambres-dhotes-a-morbecque\\\/\"]}]},{\"@type\":\"BreadcrumbList\",\"@id\":\"https:\\\/\\\/lafermeducoupdepot.fr\\\/index.php\\\/chambres-dhotes-a-morbecque\\\/#breadcrumb\",\"itemListElement\":[{\"@type\":\"ListItem\",\"position\":1,\"name\":\"Home\",\"item\":\"https:\\\/\\\/lafermeducoupdepot.fr\\\/\"},{\"@type\":\"ListItem\",\"position\":2,\"name\":\"NOS CHAMBRES\"}]},{\"@type\":\"WebSite\",\"@id\":\"https:\\\/\\\/lafermeducoupdepot.fr\\\/#website\",\"url\":\"https:\\\/\\\/lafermeducoupdepot.fr\\\/\",\"name\":\"La Ferme du Coup de Pot\",\"description\":\"Chambres d&#039;H\u00f4tes et G\u00eete sur Morbecque\",\"potentialAction\":[{\"@type\":\"SearchAction\",\"target\":{\"@type\":\"EntryPoint\",\"urlTemplate\":\"https:\\\/\\\/lafermeducoupdepot.fr\\\/?s={search_term_string}\"},\"query-input\":{\"@type\":\"PropertyValueSpecification\",\"valueRequired\":true,\"valueName\":\"search_term_string\"}}],\"inLanguage\":\"fr-FR\"}]}<\/script>\n<!-- \/ Yoast SEO plugin. -->","yoast_head_json":{"title":"Chambres d'h\u00f4tes \u00e0 Morbecque - La Ferme du Coup de Pot","description":"R\u00e9servez votre nuit en chambre sur Morbecque, proche du ch\u00e2teau de Morbecque et d'Hazebrouck. Nuit pour 2 personnes","robots":{"index":"index","follow":"follow","max-snippet":"max-snippet:-1","max-image-preview":"max-image-preview:large","max-video-preview":"max-video-preview:-1"},"canonical":"https:\/\/lafermeducoupdepot.fr\/index.php\/chambres-dhotes-a-morbecque\/","og_locale":"fr_FR","og_type":"article","og_title":"Chambres d'h\u00f4tes \u00e0 Morbecque - La Ferme du Coup de Pot","og_description":"R\u00e9servez votre nuit en chambre sur Morbecque, proche du ch\u00e2teau de Morbecque et d'Hazebrouck. Nuit pour 2 personnes","og_url":"https:\/\/lafermeducoupdepot.fr\/index.php\/chambres-dhotes-a-morbecque\/","og_site_name":"La Ferme du Coup de Pot","article_modified_time":"2023-11-03T14:08:39+00:00","twitter_card":"summary_large_image","twitter_misc":{"Dur\u00e9e de lecture estim\u00e9e":"2 minutes"},"schema":{"@context":"https:\/\/schema.org","@graph":[{"@type":"WebPage","@id":"https:\/\/lafermeducoupdepot.fr\/index.php\/chambres-dhotes-a-morbecque\/","url":"https:\/\/lafermeducoupdepot.fr\/index.php\/chambres-dhotes-a-morbecque\/","name":"Chambres d'h\u00f4tes \u00e0 Morbecque - La Ferme du Coup de Pot","isPartOf":{"@id":"https:\/\/lafermeducoupdepot.fr\/#website"},"datePublished":"2022-01-28T17:25:32+00:00","dateModified":"2023-11-03T14:08:39+00:00","description":"R\u00e9servez votre nuit en chambre sur Morbecque, proche du ch\u00e2teau de Morbecque et d'Hazebrouck. Nuit pour 2 personnes","breadcrumb":{"@id":"https:\/\/lafermeducoupdepot.fr\/index.php\/chambres-dhotes-a-morbecque\/#breadcrumb"},"inLanguage":"fr-FR","potentialAction":[{"@type":"ReadAction","target":["https:\/\/lafermeducoupdepot.fr\/index.php\/chambres-dhotes-a-morbecque\/"]}]},{"@type":"BreadcrumbList","@id":"https:\/\/lafermeducoupdepot.fr\/index.php\/chambres-dhotes-a-morbecque\/#breadcrumb","itemListElement":[{"@type":"ListItem","position":1,"name":"Home","item":"https:\/\/lafermeducoupdepot.fr\/"},{"@type":"ListItem","position":2,"name":"NOS CHAMBRES"}]},{"@type":"WebSite","@id":"https:\/\/lafermeducoupdepot.fr\/#website","url":"https:\/\/lafermeducoupdepot.fr\/","name":"La Ferme du Coup de Pot","description":"Chambres d&#039;H\u00f4tes et G\u00eete sur Morbecque","potentialAction":[{"@type":"SearchAction","target":{"@type":"EntryPoint","urlTemplate":"https:\/\/lafermeducoupdepot.fr\/?s={search_term_string}"},"query-input":{"@type":"PropertyValueSpecification","valueRequired":true,"valueName":"search_term_string"}}],"inLanguage":"fr-FR"}]}},"_links":{"self":[{"href":"https:\/\/lafermeducoupdepot.fr\/index.php\/wp-json\/wp\/v2\/pages\/20","targetHints":{"allow":["GET"]}}],"collection":[{"href":"https:\/\/lafermeducoupdepot.fr\/index.php\/wp-json\/wp\/v2\/pages"}],"about":[{"href":"https:\/\/lafermeducoupdepot.fr\/index.php\/wp-json\/wp\/v2\/types\/page"}],"author":[{"embeddable":true,"href":"https:\/\/lafermeducoupdepot.fr\/index.php\/wp-json\/wp\/v2\/users\/1"}],"replies":[{"embeddable":true,"href":"https:\/\/lafermeducoupdepot.fr\/index.php\/wp-json\/wp\/v2\/comments?post=20"}],"version-history":[{"count":14,"href":"https:\/\/lafermeducoupdepot.fr\/index.php\/wp-json\/wp\/v2\/pages\/20\/revisions"}],"predecessor-version":[{"id":375,"href":"https:\/\/lafermeducoupdepot.fr\/index.php\/wp-json\/wp\/v2\/pages\/20\/revisions\/375"}],"wp:attachment":[{"href":"https:\/\/lafermeducoupdepot.fr\/index.php\/wp-json\/wp\/v2\/media?parent=20"}],"curies":[{"name":"wp","href":"https:\/\/api.w.org\/{rel}","templated":true}]}}